{"id":215,"date":"2015-07-14T18:43:53","date_gmt":"2015-07-14T16:43:53","guid":{"rendered":"http:\/\/pagine.dm.unipi.it\/grisanti\/?page_id=215"},"modified":"2022-10-05T09:41:06","modified_gmt":"2022-10-05T07:41:06","slug":"ricevimento","status":"publish","type":"page","link":"https:\/\/pagine.dm.unipi.it\/grisanti\/didattica\/ricevimento\/","title":{"rendered":"Ricevimento"},"content":{"rendered":"<p>Il ricevimento si svolger\u00e0 online il marted\u00ec dalle 9:30 alle 12:30 nell\u2019aula virtuale del corso. Mi collegher\u00f2 alle 9:30 e aspetter\u00f2 15 minuti. Se non si collegher\u00e0 nessuno considerer\u00f2 il ricevimento terminato. Se qualcuno volesse partecipare pi\u00f9 tardi, mi avvisi in anticipo via email indicando l\u2019orario, in modo che io mi possa ricollegare all\u2019ora giusta.<\/p>\n<p>Per poter partecipare \u00e8 necessario essere iscritti al Google classroom di quest&#8217;anno. Il link per l&#8217;iscrizione \u00e8 questo<\/p>\n<p><a href=\"https:\/\/classroom.google.com\/c\/NDg5NzMwNTM2MjU2?cjc=63z55gk\">https:\/\/classroom.google.com\/c\/NDg5NzMwNTM2MjU2?cjc=63z55gk<\/a><\/p>\n","protected":false},"excerpt":{"rendered":"<p>Il ricevimento si svolger\u00e0 online il marted\u00ec dalle 9:30 alle 12:30 nell\u2019aula virtuale del corso. Mi collegher\u00f2 alle 9:30 e aspetter\u00f2 15 minuti. Se non si collegher\u00e0 nessuno considerer\u00f2 il ricevimento terminato. Se qualcuno volesse partecipare pi\u00f9 tardi, mi avvisi in anticipo via email indicando l\u2019orario, in modo che io mi possa ricollegare all\u2019ora giusta. [&hellip;]<\/p>\n","protected":false},"author":1,"featured_media":0,"parent":4,"menu_order":0,"comment_status":"closed","ping_status":"open","template":"","meta":{"footnotes":""},"class_list":["post-215","page","type-page","status-publish","hentry"],"_links":{"self":[{"href":"https:\/\/pagine.dm.unipi.it\/grisanti\/wp-json\/wp\/v2\/pages\/215"}],"collection":[{"href":"https:\/\/pagine.dm.unipi.it\/grisanti\/wp-json\/wp\/v2\/pages"}],"about":[{"href":"https:\/\/pagine.dm.unipi.it\/grisanti\/wp-json\/wp\/v2\/types\/page"}],"author":[{"embeddable":true,"href":"https:\/\/pagine.dm.unipi.it\/grisanti\/wp-json\/wp\/v2\/users\/1"}],"replies":[{"embeddable":true,"href":"https:\/\/pagine.dm.unipi.it\/grisanti\/wp-json\/wp\/v2\/comments?post=215"}],"version-history":[{"count":6,"href":"https:\/\/pagine.dm.unipi.it\/grisanti\/wp-json\/wp\/v2\/pages\/215\/revisions"}],"predecessor-version":[{"id":1096,"href":"https:\/\/pagine.dm.unipi.it\/grisanti\/wp-json\/wp\/v2\/pages\/215\/revisions\/1096"}],"up":[{"embeddable":true,"href":"https:\/\/pagine.dm.unipi.it\/grisanti\/wp-json\/wp\/v2\/pages\/4"}],"wp:attachment":[{"href":"https:\/\/pagine.dm.unipi.it\/grisanti\/wp-json\/wp\/v2\/media?parent=215"}],"curies":[{"name":"wp","href":"https:\/\/api.w.org\/{rel}","templated":true}]}}