{"id":979,"date":"2011-03-09T09:15:47","date_gmt":"2011-03-09T08:15:47","guid":{"rendered":"http:\/\/saccon.blog.dma.unipi.it\/?page_id=979"},"modified":"2011-03-09T09:15:47","modified_gmt":"2011-03-09T08:15:47","slug":"lezioni-di-complementi-di-matematica-2011","status":"publish","type":"page","link":"https:\/\/pagine.dm.unipi.it\/csblog1\/lezioni-di-complementi-di-matematica-2011\/","title":{"rendered":"Lezioni di Complementi di Matematica 2011"},"content":{"rendered":"<p>In questa pagina compariranno le lezioni di Complementi di Matematica (Laurea Magistrale per Ing. Energetica\/Elettrica\/Nucleare).<\/p>\n<p>Dispensa in progress  <a href=\"http:\/\/users.dma.unipi.it\/saccon\/LEZIONI\/CMAT_2011\/CMAT.pdf\"> scarica <\/a>.  Ultima versione 16\/4\/2011. Dovrebbe essere &#8220;stabile&#8221; per quanto rigurarda i primi tre capitoli. Naturalmente ci\u00f2 che c&#8217;\u00e8 in pi\u00f9 (che ho preferito lasciare) non \u00e8 richiesto.  Chiedo a chi legga queste note di segnalarmi tutti gli errori che trova.<\/p>\n<ul>\n<li>Prima lezione (9\/3\/2011). Convergenza puntuale e uniforme <a href=\"http:\/\/users.dma.unipi.it\/saccon\/LEZIONI\/CMAT_2011\/2011-03-09-cmat-lezione-01-Note.pdf\">scarica<\/a><\/li>\n<li>Seconda lezione (11\/3\/2011). Serie di funzioni <a href=\"http:\/\/users.dma.unipi.it\/saccon\/LEZIONI\/CMAT_2011\/2011-03-11-cmat-lezione-02-Note.pdf\">scarica<\/a><\/li>\n<li>Terza lezione (16\/3\/2011). Serie di potenze <a href=\"http:\/\/users.dma.unipi.it\/saccon\/LEZIONI\/CMAT_2011\/2011-03-16-cmat-lezione-03-Note.pdf\">scarica<\/a><\/li>\n<li>Quarta lezione (18\/3\/2011). Funzioni analitiche <a href=\"http:\/\/users.dma.unipi.it\/saccon\/LEZIONI\/CMAT_2011\/2011-03-18-cmat-lezione-04-Note.pdf\">scarica<\/a><\/li>\n<li>Quinta lezione (23\/3\/2011). Zeri delle funzioni analitiche. Funzioni meromorfe <a href=\"http:\/\/users.dma.unipi.it\/saccon\/LEZIONI\/CMAT_2011\/2011-03-23-cmat-lezione-05-Note.pdf\">scarica<\/a><\/li>\n<li>Sesta lezione (25\/3\/2011). Funzioni olomorfe. Integrali sulle curve <a href=\"http:\/\/users.dma.unipi.it\/saccon\/LEZIONI\/CMAT_2011\/2011-03-25-cmat-lezione-06-Note.pdf\">scarica<\/a><\/li>\n<li>Settima lezione (30\/3\/2011). Primo teorema dei residui <a href=\"http:\/\/users.dma.unipi.it\/saccon\/LEZIONI\/CMAT_2011\/2011-03-30-cmat-lezione-07-Note.pdf\">scarica<\/a><\/li>\n<li>Ottava lezione (1\/4\/2011). Secondo teorema dei residui e applicazioni varie <a href=\"http:\/\/users.dma.unipi.it\/saccon\/LEZIONI\/CMAT_2011\/2011-04-01-cmat-lezione-08-Note.pdf\">scarica<\/a><\/li>\n<li>Nona lezione (6\/4\/2011). Applicazioni dei residui. Spazi lineari normati <a href=\"http:\/\/users.dma.unipi.it\/saccon\/LEZIONI\/CMAT_2011\/2011-04-06-cmat-lezione-09-Note.pdf\">scarica<\/a><\/li>\n<li>Decima lezione (8\/4\/2011). Altre applicazioni dei residui. Spazi completi <a href=\"http:\/\/users.dma.unipi.it\/saccon\/LEZIONI\/CMAT_2011\/2011-04-08-cmat-lezione-10-Note.pdf\">scarica<\/a><\/li>\n<li>Undicesima lezione (13\/4\/2011). Integrazione secondo Lebesgue <a href=\"http:\/\/users.dma.unipi.it\/saccon\/LEZIONI\/CMAT_2011\/2011-04-13-cmat-lezione-11-Note.pdf\">scarica<\/a><\/li>\n<li>Dodicesima lezione (15\/4\/2011). Teorema di Fubini Tonell. Spazi L1 e L2. Serie di Fourier: definizione e studio della convergenza. <a href=\"http:\/\/users.dma.unipi.it\/saccon\/LEZIONI\/CMAT_2011\/2011-04-15-cmat-lezione-12-Note.pdf\">scarica<\/a><\/li>\n<li>Tredicesima lezione (20\/4\/2011). Serie di Fourier in L2. <a href=\"http:\/\/users.dma.unipi.it\/saccon\/LEZIONI\/CMAT_2011\/2011-04-20-cmat-lezione-13-Note.pdf\">scarica<\/a><\/li>\n<li>Quattordicesima lezione (29\/4\/2011). Esempi e propriet\u00e0 di regolarit\u00e0 delle serie di Fourier. Derivata debole. <a href=\"http:\/\/users.dma.unipi.it\/saccon\/LEZIONI\/CMAT_2011\/2011-04-29-cmat-lezione-14-Note.pdf\">scarica<\/a><\/li>\n<li>Quindicesima lezione (11\/5\/2011). Serie in soli seni\/coseni. Problemi differenziali con dati ai limiti <a href=\"http:\/\/users.dma.unipi.it\/saccon\/LEZIONI\/CMAT_2011\/2011-05-11-cmat-lezione-15-Note.pdf\">scarica<\/a><\/li>\n<li>Sedicesima lezione (13\/5\/2011). L&#8217;equazione del calore <a href=\"http:\/\/users.dma.unipi.it\/saccon\/LEZIONI\/CMAT_2011\/2011-05-13-cmat-lezione-16-Note.pdf\">scarica<\/a><\/li>\n<li>Diciassettesima lezione (18\/5\/2011). La trasformata di Fourier <a href=\"http:\/\/users.dma.unipi.it\/saccon\/LEZIONI\/CMAT_2011\/2011-05-18-cmat-lezione-17-Note.pdf\">scarica<\/a><\/li>\n<li>Diciottesima lezione (20\/5\/2011). La trasformata di Fourier in L2 <a href=\"http:\/\/users.dma.unipi.it\/saccon\/LEZIONI\/CMAT_2011\/2011-05-20-cmat-lezione-18-Note.pdf\">scarica<\/a><\/li>\n<li>Diciannovesima lezione (25\/5\/2011). Problemi differenziali su R <a href=\"http:\/\/users.dma.unipi.it\/saccon\/LEZIONI\/CMAT_2011\/2011-05-25-cmat-lezione-19-Note.pdf\">scarica<\/a><\/li>\n<li>Ventesima lezione (27\/5\/2011). Equazione del calore  su R. Trasformata di Laplace. <a href=\"http:\/\/users.dma.unipi.it\/saccon\/LEZIONI\/CMAT_2011\/2011-05-27-cmat-lezione-20-Note.pdf\">scarica<\/a><\/li>\n<li>Ventunesima lezione (30\/5\/2011). Equazioni differenziali mediante la trasformata di Laplace. Distribuzioni. <a href=\"http:\/\/users.dma.unipi.it\/saccon\/LEZIONI\/CMAT_2011\/2011-05-30-cmat-lezione-21-Note.pdf\">scarica<\/a><\/li>\n<li>Ventiduesima lezione (1\/6\/2011). Calcolo nelle distribuzioni. <a href=\"http:\/\/users.dma.unipi.it\/saccon\/LEZIONI\/CMAT_2011\/2011-06-01-cmat-lezione-22-Note.pdf\">scarica<\/a><\/li>\n<li>Ventitreesima lezione (3\/6\/2011). Trasformate nelle distribuzioni. <a href=\"http:\/\/users.dma.unipi.it\/saccon\/LEZIONI\/CMAT_2011\/2011-06-03-cmat-lezione-23-Note.pdf\">scarica<\/a><\/li>\n<\/ul>\n<p><span style=\"color: #ff0000\">Ho messo in rete nella pagina dei compiti un esempio di seconda parte del compito &#8211; ORA con le soluzioni <\/span> <a href=\"http:\/\/users.dma.unipi.it\/saccon\/COMPITI\/CMAT\/2011-00-00-II-cmat-compitino-Note.pdf\">scarica<\/a>.<\/p>\n","protected":false},"excerpt":{"rendered":"<p>In questa pagina compariranno le lezioni di Complementi di Matematica (Laurea Magistrale per Ing. Energetica\/Elettrica\/Nucleare).<\/p>\n<p>Dispensa in progress scarica . Ultima versione 16\/4\/2011. Dovrebbe essere &#8220;stabile&#8221; per quanto rigurarda i primi tre capitoli. Naturalmente ci\u00f2 che c&#8217;\u00e8 in pi\u00f9 (che ho preferito lasciare) non \u00e8 richiesto. Chiedo a chi legga queste note di segnalarmi tutti [&#8230;]<\/p>\n","protected":false},"author":23,"featured_media":0,"parent":0,"menu_order":1,"comment_status":"open","ping_status":"open","template":"","meta":{"footnotes":""},"class_list":["post-979","page","type-page","status-publish","hentry","odd"],"_links":{"self":[{"href":"https:\/\/pagine.dm.unipi.it\/csblog1\/wp-json\/wp\/v2\/pages\/979"}],"collection":[{"href":"https:\/\/pagine.dm.unipi.it\/csblog1\/wp-json\/wp\/v2\/pages"}],"about":[{"href":"https:\/\/pagine.dm.unipi.it\/csblog1\/wp-json\/wp\/v2\/types\/page"}],"author":[{"embeddable":true,"href":"https:\/\/pagine.dm.unipi.it\/csblog1\/wp-json\/wp\/v2\/users\/23"}],"replies":[{"embeddable":true,"href":"https:\/\/pagine.dm.unipi.it\/csblog1\/wp-json\/wp\/v2\/comments?post=979"}],"version-history":[{"count":0,"href":"https:\/\/pagine.dm.unipi.it\/csblog1\/wp-json\/wp\/v2\/pages\/979\/revisions"}],"wp:attachment":[{"href":"https:\/\/pagine.dm.unipi.it\/csblog1\/wp-json\/wp\/v2\/media?parent=979"}],"curies":[{"name":"wp","href":"https:\/\/api.w.org\/{rel}","templated":true}]}}